{"id":572,"date":"2023-06-29T10:01:51","date_gmt":"2023-06-29T10:01:51","guid":{"rendered":"https:\/\/komindebedsteesprookje.nl\/?page_id=572"},"modified":"2023-06-29T10:17:48","modified_gmt":"2023-06-29T10:17:48","slug":"accommodatie","status":"publish","type":"page","link":"https:\/\/komindebedsteesprookje.nl\/de\/accommodatie\/","title":{"rendered":"Unterkunft"},"content":{"rendered":"<div data-elementor-type=\"wp-page\" data-elementor-id=\"572\" class=\"elementor elementor-572\">\n\t\t\t\t\t\t<section class=\"elementor-section elementor-top-section elementor-element elementor-element-77a1ed3 elementor-section-boxed elementor-section-height-default elementor-section-height-default\" data-id=\"77a1ed3\" data-element_type=\"section\" data-e-type=\"section\" data-settings=\"{&quot;background_background&quot;:&quot;classic&quot;}\">\n\t\t\t\t\t\t\t<div class=\"elementor-background-overlay\"><\/div>\n\t\t\t\t\t\t\t<div class=\"elementor-container elementor-column-gap-default\">\n\t\t\t\t\t<div class=\"elementor-column elementor-col-50 elementor-top-column elementor-element elementor-element-36216cf\" data-id=\"36216cf\" data-element_type=\"column\" data-e-type=\"column\">\n\t\t\t<div class=\"elementor-widget-wrap elementor-element-populated\">\n\t\t\t\t\t\t<div class=\"elementor-element elementor-element-50db662 elementor-widget__width-initial elementor-widget-tablet__width-inherit elementor-widget-mobile__width-inherit elementor-widget elementor-widget-heading\" data-id=\"50db662\" data-element_type=\"widget\" data-e-type=\"widget\" data-widget_type=\"heading.default\">\n\t\t\t\t<div class=\"elementor-widget-container\">\n\t\t\t\t\t<h2 class=\"elementor-heading-title elementor-size-default\">Gruppenunterkunft f\u00fcr 10 Personen<\/h2>\t\t\t\t<\/div>\n\t\t\t\t<\/div>\n\t\t\t\t<div class=\"elementor-element elementor-element-f7324d2 elementor-widget-divider--separator-type-pattern elementor-widget-divider--view-line elementor-widget elementor-widget-divider\" data-id=\"f7324d2\" data-element_type=\"widget\" data-e-type=\"widget\" data-widget_type=\"divider.default\">\n\t\t\t\t<div class=\"elementor-widget-container\">\n\t\t\t\t\t\t\t<div class=\"elementor-divider\" style=\"--divider-pattern-url: url(&quot;data:image\/svg+xml,%3Csvg xmlns=&#039;http:\/\/www.w3.org\/2000\/svg&#039; preserveAspectRatio=&#039;none&#039; overflow=&#039;visible&#039; height=&#039;100%&#039; viewBox=&#039;0 0 24 24&#039; fill=&#039;none&#039; stroke=&#039;black&#039; stroke-width=&#039;3&#039; stroke-linecap=&#039;square&#039; stroke-miterlimit=&#039;10&#039;%3E%3Cpath d=&#039;M0,6c6,0,6,13,12,13S18,6,24,6&#039;\/%3E%3C\/svg%3E&quot;);\">\n\t\t\t<span class=\"elementor-divider-separator\">\n\t\t\t\t\t\t<\/span>\n\t\t<\/div>\n\t\t\t\t\t\t<\/div>\n\t\t\t\t<\/div>\n\t\t\t\t<div class=\"elementor-element elementor-element-c724b0c elementor-widget elementor-widget-text-editor\" data-id=\"c724b0c\" data-element_type=\"widget\" data-e-type=\"widget\" data-widget_type=\"text-editor.default\">\n\t\t\t\t<div class=\"elementor-widget-container\">\n\t\t\t\t\t\t\t\t\t<p>Dieses sch\u00f6ne Urlaubsziel ist ausgestattet mit <strong>f\u00fcnf einzigartige Kastenbetten<\/strong> in verschiedenen Themen, passend f\u00fcr insgesamt <strong>Zehn Menschen<\/strong>. Durch die besondere Einrichtung und Wandmalereien tauchen Sie in eine andere Welt ein. Auch der Rest des Ferienhauses strahlt eine besondere Atmosph\u00e4re aus! Es ist nicht nur bei Kindern beliebt, sondern auch bei Familien, die die Ruhe genie\u00dfen m\u00f6chten <strong>der Achterhoek.<\/strong><\/p>\t\t\t\t\t\t\t\t<\/div>\n\t\t\t\t<\/div>\n\t\t\t\t\t<\/div>\n\t\t<\/div>\n\t\t\t\t<div class=\"elementor-column elementor-col-50 elementor-top-column elementor-element elementor-element-8a75b97\" data-id=\"8a75b97\" data-element_type=\"column\" data-e-type=\"column\" data-settings=\"{&quot;background_background&quot;:&quot;classic&quot;}\">\n\t\t\t<div class=\"elementor-widget-wrap elementor-element-populated\">\n\t\t\t\t\t<div class=\"elementor-background-overlay\"><\/div>\n\t\t\t\t\t\t<div class=\"elementor-element elementor-element-fd90836 elementor-widget elementor-widget-image\" data-id=\"fd90836\" data-element_type=\"widget\" data-e-type=\"widget\" data-widget_type=\"image.default\">\n\t\t\t\t<div class=\"elementor-widget-container\">\n\t\t\t\t\t\t\t\t\t\t\t\t\t\t\t<img decoding=\"async\" src=\"https:\/\/komindebedsteesprookje.nl\/wp-content\/uploads\/2023\/06\/Sprookje-Kom-in-de-Bedstee-Sprookje-Vakantiehuisje-winterswijkKom-in-de-Bedstee-Magie-Vakantiehuisje-winterswijkDSC08424.jpg\" title=\"M\u00e4rchen \u2013 Komm ins Bedstead M\u00e4rchen \u2013 Ferienhaus winterswijkKomm ins Bedstead Magic \u2013 Ferienhaus winterswijkDSC08424\" alt=\"Sprookje - Kom in de Bedstee Sprookje - Vakantiehuisje winterswijk\" loading=\"lazy\" \/>\t\t\t\t\t\t\t\t\t\t\t\t\t\t\t<\/div>\n\t\t\t\t<\/div>\n\t\t\t\t\t<\/div>\n\t\t<\/div>\n\t\t\t\t\t<\/div>\n\t\t<\/section>\n\t\t\t\t<section class=\"elementor-section elementor-top-section elementor-element elementor-element-17213c5 elementor-section-boxed elementor-section-height-default elementor-section-height-default\" data-id=\"17213c5\" data-element_type=\"section\" data-e-type=\"section\" data-settings=\"{&quot;background_background&quot;:&quot;classic&quot;}\">\n\t\t\t\t\t\t<div class=\"elementor-container elementor-column-gap-default\">\n\t\t\t\t\t<div class=\"elementor-column elementor-col-50 elementor-top-column elementor-element elementor-element-23b837e\" data-id=\"23b837e\" data-element_type=\"column\" data-e-type=\"column\">\n\t\t\t<div class=\"elementor-widget-wrap elementor-element-populated\">\n\t\t\t\t\t\t<div class=\"elementor-element elementor-element-42e8e8e elementor-widget__width-initial elementor-widget-tablet__width-inherit elementor-widget-mobile__width-inherit elementor-widget elementor-widget-heading\" data-id=\"42e8e8e\" data-element_type=\"widget\" data-e-type=\"widget\" data-widget_type=\"heading.default\">\n\t\t\t\t<div class=\"elementor-widget-container\">\n\t\t\t\t\t<h2 class=\"elementor-heading-title elementor-size-default\">Erdgeschoss<\/h2>\t\t\t\t<\/div>\n\t\t\t\t<\/div>\n\t\t\t\t<div class=\"elementor-element elementor-element-bb9c13b elementor-widget-divider--separator-type-pattern elementor-widget-divider--view-line elementor-widget elementor-widget-divider\" data-id=\"bb9c13b\" data-element_type=\"widget\" data-e-type=\"widget\" data-widget_type=\"divider.default\">\n\t\t\t\t<div class=\"elementor-widget-container\">\n\t\t\t\t\t\t\t<div class=\"elementor-divider\" style=\"--divider-pattern-url: url(&quot;data:image\/svg+xml,%3Csvg xmlns=&#039;http:\/\/www.w3.org\/2000\/svg&#039; preserveAspectRatio=&#039;none&#039; overflow=&#039;visible&#039; height=&#039;100%&#039; viewBox=&#039;0 0 24 24&#039; fill=&#039;none&#039; stroke=&#039;black&#039; stroke-width=&#039;3&#039; stroke-linecap=&#039;square&#039; stroke-miterlimit=&#039;10&#039;%3E%3Cpath d=&#039;M0,6c6,0,6,13,12,13S18,6,24,6&#039;\/%3E%3C\/svg%3E&quot;);\">\n\t\t\t<span class=\"elementor-divider-separator\">\n\t\t\t\t\t\t<\/span>\n\t\t<\/div>\n\t\t\t\t\t\t<\/div>\n\t\t\t\t<\/div>\n\t\t\t\t<div class=\"elementor-element elementor-element-11eef3d elementor-widget elementor-widget-text-editor\" data-id=\"11eef3d\" data-element_type=\"widget\" data-e-type=\"widget\" data-widget_type=\"text-editor.default\">\n\t\t\t\t<div class=\"elementor-widget-container\">\n\t\t\t\t\t\t\t\t\t<p>Der gem\u00fctliche Gemeinschaftsraum im Erdgeschoss verf\u00fcgt \u00fcber Schiebet\u00fcren zur Terrasse. Von der Sitzecke aus k\u00f6nnen Sie die Kinder beim Spielen im Freien gut im Auge behalten. Ein langer Esstisch l\u00e4dt zum gemeinsamen Essen ein und die K\u00fcche ist ausgestattet <strong>mit allen modernen Annehmlichkeiten ausgestattet<\/strong>wie einem 5-Flammen-Herd, K\u00fchlschrank, Gefrierschrank, Backofen und Geschirrsp\u00fcler. Dies ist ein wunderbarer Ort, um zusammenzukommen und die Gesellschaft des anderen zu genie\u00dfen oder sich der Herausforderung eines spannenden Brettspiels zu stellen.<\/p>\t\t\t\t\t\t\t\t<\/div>\n\t\t\t\t<\/div>\n\t\t\t\t\t<\/div>\n\t\t<\/div>\n\t\t\t\t<div class=\"elementor-column elementor-col-50 elementor-top-column elementor-element elementor-element-00c9355\" data-id=\"00c9355\" data-element_type=\"column\" data-e-type=\"column\" data-settings=\"{&quot;background_background&quot;:&quot;classic&quot;}\">\n\t\t\t<div class=\"elementor-widget-wrap elementor-element-populated\">\n\t\t\t\t\t<div class=\"elementor-background-overlay\"><\/div>\n\t\t\t\t\t\t<div class=\"elementor-element elementor-element-b566994 elementor-widget elementor-widget-image\" data-id=\"b566994\" data-element_type=\"widget\" data-e-type=\"widget\" data-widget_type=\"image.default\">\n\t\t\t\t<div class=\"elementor-widget-container\">\n\t\t\t\t\t\t\t\t\t\t\t\t\t\t\t<img fetchpriority=\"high\" decoding=\"async\" width=\"1024\" height=\"683\" src=\"https:\/\/komindebedsteesprookje.nl\/wp-content\/uploads\/2023\/06\/Sprookje-Kom-in-de-Bedstee-Sprookje-Vakantiehuisje-winterswijkKom-in-de-Bedstee-Magie-Vakantiehuisje-winterswijkDSC08369.jpg\" class=\"attachment-full size-full wp-image-61\" alt=\"Sprookje - Kom in de Bedstee Sprookje - Vakantiehuisje winterswijk\" srcset=\"https:\/\/komindebedsteesprookje.nl\/wp-content\/uploads\/2023\/06\/Sprookje-Kom-in-de-Bedstee-Sprookje-Vakantiehuisje-winterswijkKom-in-de-Bedstee-Magie-Vakantiehuisje-winterswijkDSC08369.jpg 1024w, https:\/\/komindebedsteesprookje.nl\/wp-content\/uploads\/2023\/06\/Sprookje-Kom-in-de-Bedstee-Sprookje-Vakantiehuisje-winterswijkKom-in-de-Bedstee-Magie-Vakantiehuisje-winterswijkDSC08369-300x200.jpg 300w, https:\/\/komindebedsteesprookje.nl\/wp-content\/uploads\/2023\/06\/Sprookje-Kom-in-de-Bedstee-Sprookje-Vakantiehuisje-winterswijkKom-in-de-Bedstee-Magie-Vakantiehuisje-winterswijkDSC08369-768x512.jpg 768w, https:\/\/komindebedsteesprookje.nl\/wp-content\/uploads\/2023\/06\/Sprookje-Kom-in-de-Bedstee-Sprookje-Vakantiehuisje-winterswijkKom-in-de-Bedstee-Magie-Vakantiehuisje-winterswijkDSC08369-650x434.jpg 650w, https:\/\/komindebedsteesprookje.nl\/wp-content\/uploads\/2023\/06\/Sprookje-Kom-in-de-Bedstee-Sprookje-Vakantiehuisje-winterswijkKom-in-de-Bedstee-Magie-Vakantiehuisje-winterswijkDSC08369-600x400.jpg 600w\" sizes=\"(max-width: 1024px) 100vw, 1024px\" \/>\t\t\t\t\t\t\t\t\t\t\t\t\t\t\t<\/div>\n\t\t\t\t<\/div>\n\t\t\t\t\t<\/div>\n\t\t<\/div>\n\t\t\t\t\t<\/div>\n\t\t<\/section>\n\t\t\t\t<section class=\"elementor-section elementor-top-section elementor-element elementor-element-e09e648 elementor-reverse-mobile elementor-section-boxed elementor-section-height-default elementor-section-height-default\" data-id=\"e09e648\" data-element_type=\"section\" data-e-type=\"section\" data-settings=\"{&quot;background_background&quot;:&quot;classic&quot;}\">\n\t\t\t\t\t\t\t<div class=\"elementor-background-overlay\"><\/div>\n\t\t\t\t\t\t\t<div class=\"elementor-container elementor-column-gap-default\">\n\t\t\t\t\t<div class=\"elementor-column elementor-col-50 elementor-top-column elementor-element elementor-element-12109dc\" data-id=\"12109dc\" data-element_type=\"column\" data-e-type=\"column\" data-settings=\"{&quot;background_background&quot;:&quot;classic&quot;}\">\n\t\t\t<div class=\"elementor-widget-wrap elementor-element-populated\">\n\t\t\t\t\t<div class=\"elementor-background-overlay\"><\/div>\n\t\t\t\t\t\t<div class=\"elementor-element elementor-element-aa39beb elementor-widget elementor-widget-image\" data-id=\"aa39beb\" data-element_type=\"widget\" data-e-type=\"widget\" data-widget_type=\"image.default\">\n\t\t\t\t<div class=\"elementor-widget-container\">\n\t\t\t\t\t\t\t\t\t\t\t\t\t\t\t<img decoding=\"async\" src=\"https:\/\/komindebedsteesprookje.nl\/wp-content\/uploads\/2023\/06\/Sprookje-Kom-in-de-Bedstee-Sprookje-Vakantiehuisje-winterswijkKom-in-de-Bedstee-Magie-Vakantiehuisje-winterswijkDSC08438.jpg\" title=\"M\u00e4rchen \u2013 Komm ins Bedstead M\u00e4rchen \u2013 Ferienhaus winterswijkKomm ins Bedstead Magic \u2013 Ferienhaus winterswijkDSC08438\" alt=\"Sprookje - Kom in de Bedstee Sprookje - Vakantiehuisje winterswijkKom in de Bedstee Magie - Vakantiehuisje winterswijkDSC08438\" loading=\"lazy\" \/>\t\t\t\t\t\t\t\t\t\t\t\t\t\t\t<\/div>\n\t\t\t\t<\/div>\n\t\t\t\t\t<\/div>\n\t\t<\/div>\n\t\t\t\t<div class=\"elementor-column elementor-col-50 elementor-top-column elementor-element elementor-element-d9266ec\" data-id=\"d9266ec\" data-element_type=\"column\" data-e-type=\"column\">\n\t\t\t<div class=\"elementor-widget-wrap elementor-element-populated\">\n\t\t\t\t\t\t<div class=\"elementor-element elementor-element-b865799 elementor-widget__width-initial elementor-widget-tablet__width-inherit elementor-widget-mobile__width-inherit elementor-widget elementor-widget-heading\" data-id=\"b865799\" data-element_type=\"widget\" data-e-type=\"widget\" data-widget_type=\"heading.default\">\n\t\t\t\t<div class=\"elementor-widget-container\">\n\t\t\t\t\t<h2 class=\"elementor-heading-title elementor-size-default\">Obere Etage<\/h2>\t\t\t\t<\/div>\n\t\t\t\t<\/div>\n\t\t\t\t<div class=\"elementor-element elementor-element-920c7fe elementor-widget-divider--separator-type-pattern elementor-widget-divider--view-line elementor-widget elementor-widget-divider\" data-id=\"920c7fe\" data-element_type=\"widget\" data-e-type=\"widget\" data-widget_type=\"divider.default\">\n\t\t\t\t<div class=\"elementor-widget-container\">\n\t\t\t\t\t\t\t<div class=\"elementor-divider\" style=\"--divider-pattern-url: url(&quot;data:image\/svg+xml,%3Csvg xmlns=&#039;http:\/\/www.w3.org\/2000\/svg&#039; preserveAspectRatio=&#039;none&#039; overflow=&#039;visible&#039; height=&#039;100%&#039; viewBox=&#039;0 0 24 24&#039; fill=&#039;none&#039; stroke=&#039;black&#039; stroke-width=&#039;3&#039; stroke-linecap=&#039;square&#039; stroke-miterlimit=&#039;10&#039;%3E%3Cpath d=&#039;M0,6c6,0,6,13,12,13S18,6,24,6&#039;\/%3E%3C\/svg%3E&quot;);\">\n\t\t\t<span class=\"elementor-divider-separator\">\n\t\t\t\t\t\t<\/span>\n\t\t<\/div>\n\t\t\t\t\t\t<\/div>\n\t\t\t\t<\/div>\n\t\t\t\t<div class=\"elementor-element elementor-element-58f40ce elementor-widget elementor-widget-text-editor\" data-id=\"58f40ce\" data-element_type=\"widget\" data-e-type=\"widget\" data-widget_type=\"text-editor.default\">\n\t\t\t\t<div class=\"elementor-widget-container\">\n\t\t\t\t\t\t\t\t\t<p>Vier von f\u00fcnf <strong>Bettgestelle<\/strong> befinden sich im ersten Stock und haben jeweils ihr eigenes, \u00fcberraschendes Thema. Das f\u00fcnfte Bettkastenbett befindet sich im Erdgeschoss, so dass auch Personen mit eingeschr\u00e4nkter Mobilit\u00e4t oder Rollstuhlfahrer bequem \u00fcbernachten k\u00f6nnen. Im Erdgeschoss gibt es eine <strong>modernes Badezimmer<\/strong> und im ersten Stock gibt es einen <strong>separate Toilette<\/strong>.<\/p>\t\t\t\t\t\t\t\t<\/div>\n\t\t\t\t<\/div>\n\t\t\t\t\t<\/div>\n\t\t<\/div>\n\t\t\t\t\t<\/div>\n\t\t<\/section>\n\t\t\t\t<section class=\"elementor-section elementor-top-section elementor-element elementor-element-540193a elementor-section-boxed elementor-section-height-default elementor-section-height-default\" data-id=\"540193a\" data-element_type=\"section\" data-e-type=\"section\" data-settings=\"{&quot;background_background&quot;:&quot;classic&quot;}\">\n\t\t\t\t\t\t<div class=\"elementor-container elementor-column-gap-default\">\n\t\t\t\t\t<div class=\"elementor-column elementor-col-50 elementor-top-column elementor-element elementor-element-8c61ce0\" data-id=\"8c61ce0\" data-element_type=\"column\" data-e-type=\"column\">\n\t\t\t<div class=\"elementor-widget-wrap elementor-element-populated\">\n\t\t\t\t\t\t<div class=\"elementor-element elementor-element-f861e24 elementor-widget__width-initial elementor-widget-tablet__width-inherit elementor-widget-mobile__width-inherit elementor-widget elementor-widget-heading\" data-id=\"f861e24\" data-element_type=\"widget\" data-e-type=\"widget\" data-widget_type=\"heading.default\">\n\t\t\t\t<div class=\"elementor-widget-container\">\n\t\t\t\t\t<h2 class=\"elementor-heading-title elementor-size-default\">Genie\u00dfen!<\/h2>\t\t\t\t<\/div>\n\t\t\t\t<\/div>\n\t\t\t\t<div class=\"elementor-element elementor-element-84feb7e elementor-widget-divider--separator-type-pattern elementor-widget-divider--view-line elementor-widget elementor-widget-divider\" data-id=\"84feb7e\" data-element_type=\"widget\" data-e-type=\"widget\" data-widget_type=\"divider.default\">\n\t\t\t\t<div class=\"elementor-widget-container\">\n\t\t\t\t\t\t\t<div class=\"elementor-divider\" style=\"--divider-pattern-url: url(&quot;data:image\/svg+xml,%3Csvg xmlns=&#039;http:\/\/www.w3.org\/2000\/svg&#039; preserveAspectRatio=&#039;none&#039; overflow=&#039;visible&#039; height=&#039;100%&#039; viewBox=&#039;0 0 24 24&#039; fill=&#039;none&#039; stroke=&#039;black&#039; stroke-width=&#039;3&#039; stroke-linecap=&#039;square&#039; stroke-miterlimit=&#039;10&#039;%3E%3Cpath d=&#039;M0,6c6,0,6,13,12,13S18,6,24,6&#039;\/%3E%3C\/svg%3E&quot;);\">\n\t\t\t<span class=\"elementor-divider-separator\">\n\t\t\t\t\t\t<\/span>\n\t\t<\/div>\n\t\t\t\t\t\t<\/div>\n\t\t\t\t<\/div>\n\t\t\t\t<div class=\"elementor-element elementor-element-3f4a7c8 elementor-widget elementor-widget-text-editor\" data-id=\"3f4a7c8\" data-element_type=\"widget\" data-e-type=\"widget\" data-widget_type=\"text-editor.default\">\n\t\t\t\t<div class=\"elementor-widget-container\">\n\t\t\t\t\t\t\t\t\t<p>Neben einem sch\u00f6nen weitl\u00e4ufigen Garten mit <strong>Spielm\u00f6glichkeiten<\/strong> F\u00fcr Kinder gibt es auch eines <strong>Whirlpool<\/strong> vor Ort anwesend! Ein wunderbarer Ort zum Entspannen nach einem Tag voller Aktivit\u00e4ten. Die Gegend ist bekannt f\u00fcr ihre <strong>sch\u00f6ne Wanderrouten<\/strong> und angenehme D\u00f6rfer. Weitere Informationen, Karten usw. finden Sie unter <a href=\"https:\/\/www.vakantieadressen.nl\/nl\/woning\/Gelderland-10-personen-Winterswijk\/1709\" target=\"_blank\" rel=\"noopener\">Urlaubsadressen<\/a>.<\/p>\t\t\t\t\t\t\t\t<\/div>\n\t\t\t\t<\/div>\n\t\t\t\t<div class=\"elementor-element elementor-element-3e62430 elementor-widget elementor-widget-bdt-advanced-button\" data-id=\"3e62430\" data-element_type=\"widget\" data-e-type=\"widget\" data-widget_type=\"bdt-advanced-button.default\">\n\t\t\t\t<div class=\"elementor-widget-container\">\n\t\t\t\t\t\t\t<div class=\"bdt-ep-button-wrapper\">\n\t\t\t<a href=\"https:\/\/komindebedsteesprookje.nl\/de\/boeken\/\" class=\"bdt-ep-button bdt-ep-button-effect-a bdt-ep-button-size-md\">\n\t\t\t\t\t\t<div class=\"bdt-ep-button-content-wrapper bdt-flex bdt-flex-middle bdt-flex-center\" data-text=\"Boeken\">\n\t\t\t\n\t\t\t<div class=\"bdt-ep-button-text\">\n\n                <span class=\"avdbtn-text\">B\u00fccher<\/span>\n\n\t\t\t\t            <\/div>\n\n\t\t\t\n\t\t<\/div>\n\t\t\t\t\t<\/a>\n\t\t<\/div>\n\t\t\t\t\t\t<\/div>\n\t\t\t\t<\/div>\n\t\t\t\t\t<\/div>\n\t\t<\/div>\n\t\t\t\t<div class=\"elementor-column elementor-col-50 elementor-top-column elementor-element elementor-element-321fb06\" data-id=\"321fb06\" data-element_type=\"column\" data-e-type=\"column\" data-settings=\"{&quot;background_background&quot;:&quot;classic&quot;}\">\n\t\t\t<div class=\"elementor-widget-wrap elementor-element-populated\">\n\t\t\t\t\t<div class=\"elementor-background-overlay\"><\/div>\n\t\t\t\t\t\t<div class=\"elementor-element elementor-element-36fc4e7 elementor-widget elementor-widget-image\" data-id=\"36fc4e7\" data-element_type=\"widget\" data-e-type=\"widget\" data-widget_type=\"image.default\">\n\t\t\t\t<div class=\"elementor-widget-container\">\n\t\t\t\t\t\t\t\t\t\t\t\t\t\t\t<img decoding=\"async\" width=\"1024\" height=\"768\" src=\"https:\/\/komindebedsteesprookje.nl\/wp-content\/uploads\/2023\/06\/groepsaccommodatie_winterswijk_12_personen_33.jpg\" class=\"attachment-full size-full wp-image-589\" alt=\"\" srcset=\"https:\/\/komindebedsteesprookje.nl\/wp-content\/uploads\/2023\/06\/groepsaccommodatie_winterswijk_12_personen_33.jpg 1024w, https:\/\/komindebedsteesprookje.nl\/wp-content\/uploads\/2023\/06\/groepsaccommodatie_winterswijk_12_personen_33-300x225.jpg 300w, https:\/\/komindebedsteesprookje.nl\/wp-content\/uploads\/2023\/06\/groepsaccommodatie_winterswijk_12_personen_33-768x576.jpg 768w, https:\/\/komindebedsteesprookje.nl\/wp-content\/uploads\/2023\/06\/groepsaccommodatie_winterswijk_12_personen_33-650x488.jpg 650w\" sizes=\"(max-width: 1024px) 100vw, 1024px\" \/>\t\t\t\t\t\t\t\t\t\t\t\t\t\t\t<\/div>\n\t\t\t\t<\/div>\n\t\t\t\t\t<\/div>\n\t\t<\/div>\n\t\t\t\t\t<\/div>\n\t\t<\/section>\n\t\t\t\t<\/div>","protected":false},"excerpt":{"rendered":"<p>Groepsaccommodatie voor 10 personen Deze schitterende vakantiebestemming is uitgerust met vijf unieke bedstedes in verschillende thema&#8217;s, geschikt voor in totaal tien personen. [&hellip;]<\/p>","protected":false},"author":1,"featured_media":0,"parent":0,"menu_order":0,"comment_status":"closed","ping_status":"closed","template":"","meta":{"footnotes":""},"class_list":["post-572","page","type-page","status-publish","hentry"],"aioseo_notices":[],"_links":{"self":[{"href":"https:\/\/komindebedsteesprookje.nl\/de\/wp-json\/wp\/v2\/pages\/572","targetHints":{"allow":["GET"]}}],"collection":[{"href":"https:\/\/komindebedsteesprookje.nl\/de\/wp-json\/wp\/v2\/pages"}],"about":[{"href":"https:\/\/komindebedsteesprookje.nl\/de\/wp-json\/wp\/v2\/types\/page"}],"author":[{"embeddable":true,"href":"https:\/\/komindebedsteesprookje.nl\/de\/wp-json\/wp\/v2\/users\/1"}],"replies":[{"embeddable":true,"href":"https:\/\/komindebedsteesprookje.nl\/de\/wp-json\/wp\/v2\/comments?post=572"}],"version-history":[{"count":16,"href":"https:\/\/komindebedsteesprookje.nl\/de\/wp-json\/wp\/v2\/pages\/572\/revisions"}],"predecessor-version":[{"id":606,"href":"https:\/\/komindebedsteesprookje.nl\/de\/wp-json\/wp\/v2\/pages\/572\/revisions\/606"}],"wp:attachment":[{"href":"https:\/\/komindebedsteesprookje.nl\/de\/wp-json\/wp\/v2\/media?parent=572"}],"curies":[{"name":"wp","href":"https:\/\/api.w.org\/{rel}","templated":true}]}}